{"id":10464,"date":"2022-10-27T11:25:39","date_gmt":"2022-10-27T11:25:39","guid":{"rendered":"https:\/\/www.saotechnology.com\/web\/?page_id=10464"},"modified":"2023-03-27T12:40:02","modified_gmt":"2023-03-27T12:40:02","slug":"activos-fijos","status":"publish","type":"page","link":"https:\/\/www.saotechnology.com\/web\/activos-fijos\/","title":{"rendered":"Activos Fijos"},"content":{"rendered":"<p>[vc_section css=&#8221;.vc_custom_1666868802530{margin-top: 25px !important;margin-right: 0px !important;margin-bottom: 0px !important;margin-left: 0px !important;padding-top: 10px !important;padding-bottom: 40px !important;background-image: url(https:\/\/www.saotechnology.com\/web\/wp-content\/uploads\/2018\/03\/section-back.png?id=8564) !important;background-position: center !important;background-repeat: no-repeat !important;background-size: cover !important;}&#8221; el_class=&#8221;overflow-visible&#8221;][vc_row gap=&#8221;30&#8243; css=&#8221;.vc_custom_1637579815179{margin-top: 5px !important;margin-right: -15px !important;margin-bottom: 0px !important;margin-left: -15px !important;padding-top: 0px !important;padding-right: 0px !important;padding-bottom: 0px !important;padding-left: 0px !important;}&#8221;][vc_column width=&#8221;1\/2&#8243; css=&#8221;.vc_custom_1637579800333{margin-top: 0px !important;margin-right: 0px !important;margin-bottom: 0px !important;margin-left: 0px !important;padding-right: 30px !important;padding-bottom: 0px !important;padding-left: 0px !important;}&#8221; el_class=&#8221;hover-image&#8221;][vc_single_image image=&#8221;10138&#8243; img_size=&#8221;full&#8221; alignment=&#8221;center&#8221; style=&#8221;vc_box_rounded&#8221; el_class=&#8221;full-width-image&#8221; css=&#8221;.vc_custom_1678383328635{margin-top: 10px !important;margin-right: 0px !important;padding-right: 0px !important;}&#8221;][\/vc_column][vc_column width=&#8221;1\/2&#8243; css=&#8221;.vc_custom_1637579808238{margin-top: 0px !important;margin-right: 0px !important;margin-bottom: 0px !important;margin-left: 0px !important;padding-right: 0px !important;padding-bottom: 0px !important;padding-left: 0px !important;}&#8221;][vc_custom_heading text=&#8221;Activos Fijos.&#8221; font_container=&#8221;tag:h4|font_size:28px|text_align:left&#8221; use_theme_fonts=&#8221;yes&#8221; css=&#8221;.vc_custom_1679920780118{margin-top: 0px !important;margin-bottom: 0px !important;padding-top: 0px !important;padding-bottom: 25px !important;}&#8221;][vc_column_text css=&#8221;.vc_custom_1678464918634{margin-bottom: 30px !important;}&#8221;]<\/p>\n<p style=\"text-align: justify;\">Este portafolio ha sido creado para controlar los movimientos de los activos tangibles adquiridos, construidos o en proceso de construcci\u00f3n, los cuales pueden ser empleados en la producci\u00f3n o suministro de otros bienes y servicios o en la administraci\u00f3n del negocio.<\/p>\n<p>&nbsp;<\/p>\n<p style=\"text-align: justify;\">La estructura de este portafolio se encuentra dada por los Par\u00e1metros Generales, las Novedades, y las Transacciones, elementos que permiten registrar los activos, generar la depreciaci\u00f3n y la aplicaci\u00f3n de otro tipo de transacciones como la venta o eliminaci\u00f3n de activos, la pignoraci\u00f3n, las valorizaciones, las mejoras o adiciones, etc.<\/p>\n<p>[\/vc_column_text][\/vc_column][\/vc_row][\/vc_section][vc_row css=&#8221;.vc_custom_1559828033176{margin-top: -20px !important;}&#8221;][vc_column][vc_text_separator title=&#8221;&#8221; color=&#8221;green&#8221; border_width=&#8221;2&#8243;][\/vc_column][\/vc_row][vc_row full_width=&#8221;stretch_row&#8221; css=&#8221;.vc_custom_1522994032648{margin-top: 0px !important;margin-right: 0px !important;margin-bottom: 0px !important;margin-left: 0px !important;padding-top: 60px !important;padding-bottom: 40px !important;background-image: url(https:\/\/www.saotechnology.com\/web\/wp-content\/uploads\/2018\/04\/background5.jpg?id=9400) !important;background-position: center !important;background-repeat: no-repeat !important;background-size: cover !important;}&#8221;][vc_column css=&#8221;.vc_custom_1520404745705{margin-top: 0px !important;margin-bottom: 0px !important;padding-top: 4px !important;padding-bottom: 20px !important;}&#8221;][vc_row_inner css=&#8221;.vc_custom_1522994159798{padding-bottom: 30px !important;}&#8221;][vc_column_inner width=&#8221;5\/12&#8243; css=&#8221;.vc_custom_1563124180210{margin-top: 0px !important;margin-bottom: 0px !important;padding-top: 30px !important;padding-bottom: 30px !important;padding-left: 0px !important;}&#8221;][vc_custom_heading text=&#8221;Caracter\u00edsticas B\u00e1sicas.&#8221; font_container=&#8221;tag:h2|font_size:28px|text_align:left&#8221; use_theme_fonts=&#8221;yes&#8221; css=&#8221;.vc_custom_1679920730255{border-right-width: 1px !important;border-right-color: #eeeeee !important;border-right-style: solid !important;}&#8221;][\/vc_column_inner][vc_column_inner width=&#8221;7\/12&#8243; css=&#8221;.vc_custom_1522409848610{margin-top: 0px !important;margin-bottom: 0px !important;padding-top: 0px !important;padding-bottom: 0px !important;}&#8221;][vc_custom_heading text=&#8221;Al igual que en los otros portafolios, los par\u00e1metros generales de activos fijos permiten la definici\u00f3n de la informaci\u00f3n con la cual se configurar\u00e1 el sistema para que se realicen algunos procedimientos de manera autom\u00e1tica y para que, en otros, el sistema pueda comportarse de una forma determinada.<\/p>\n<p>Estos par\u00e1metros definen entre otras cosas las caracter\u00edsticas y atributos que pueden poseer los activos y las especificaciones de cada una de las posibles transacciones y novedades disponibles en el ERP SAOinNOVA.&#8221; font_container=&#8221;tag:h6|font_size:15px|text_align:left|line_height:26px&#8221; use_theme_fonts=&#8221;yes&#8221;][\/vc_column_inner][\/vc_row_inner][\/vc_column][\/vc_row][vc_row][vc_column width=&#8221;1\/2&#8243;][vc_column_text]<strong><span style=\"color: #99cc00;\">ATRIBUTOS.<\/span><\/strong><\/p>\n<p>&nbsp;<\/p>\n<p style=\"text-align: justify;\">Todo activo posee una serie de atributos tales como clase, clasificaci\u00f3n (propio, leasing, etc.) y grupo; adicionalmente seg\u00fan la clase se tienen asociadas las correspondientes cuentas de costo, depreciaci\u00f3n, valorizaci\u00f3n y provisiones, as\u00ed como una serie de datos adicionales (caracter\u00edsticas) definidos por la empresa.\u00a0 Cada activo est\u00e1 conformado por uno o m\u00e1s componentes, cada uno de los cuales tienen atributos espec\u00edficos que lo caracterizan.<\/p>\n<p style=\"text-align: justify;\">En este punto es importante resaltar que todas y cada una de las transacciones disponibles en este portafolio se ejecutan por componente del activo.<\/p>\n<p>&nbsp;<\/p>\n<p><span style=\"color: #99cc00;\"><a style=\"color: #99cc00;\" name=\"_Toc162777607\"><\/a><strong>NOVEDADES.<\/strong><\/span><\/p>\n<p>&nbsp;<\/p>\n<p style=\"text-align: justify;\">Las novedades son procesos no contables que permiten realizar tanto la apertura del activo como su modificaci\u00f3n.<\/p>\n<p style=\"text-align: justify;\">Es importante destacar que la apertura adem\u00e1s de definir el activo y sus componentes, permite seleccionar el activo a abrir seg\u00fan las entradas a bodega realizadas por la compra de los mismos.<\/p>\n<p>&nbsp;<\/p>\n<p><span style=\"color: #99cc00;\"><strong>CONSULTAS Y REPORTES.<\/strong><\/span><\/p>\n<p><strong>\u00a0<\/strong><\/p>\n<p style=\"text-align: justify;\">Adem\u00e1s de los elementos mencionados anteriormente, el portafolio de activos fijos cuenta con una serie de consultas a trav\u00e9s de las cuales se muestra la informaci\u00f3n de los activos, transacciones y movimientos generados.<\/p>\n<p>[\/vc_column_text][\/vc_column][vc_column width=&#8221;1\/2&#8243;][vc_column_text]<strong><a name=\"_Toc162777608\"><\/a><span style=\"color: #99cc00;\">TRANSACCIONES.<\/span><\/strong><\/p>\n<p>&nbsp;<\/p>\n<p style=\"text-align: justify;\">Las transacciones a diferencia de las novedades son procesos que tienen implicaciones contables, es decir que su ejecuci\u00f3n genera los asientos contables respectivos de manera autom\u00e1tica.\u00a0 Dentro de este conjunto se encuentran disponibles las siguientes funcionalidades:<\/p>\n<p>&nbsp;<\/p>\n<ol>\n<li style=\"text-align: justify;\">Asignaci\u00f3n del Activo, permite la asignaci\u00f3n del mismo a una sucursal, centro, actividad y responsable espec\u00edfico.<\/li>\n<li style=\"text-align: justify;\">Traslado de activos, permite cambiar de Centro de Actividad, Actividad y responsable a un activo fijo.<\/li>\n<li style=\"text-align: justify;\">Venta de activos, permite registrar la venta de un activo y generar la factura correspondiente.<\/li>\n<li style=\"text-align: justify;\">Depreciaci\u00f3n tiene como valor agregado el presentar el resultado del proceso antes de su contabilizaci\u00f3n permitiendo su revisi\u00f3n. Adicionalmente brinda la posibilidad de reversar el \u00faltimo proceso ejecutado de ser necesario.<\/li>\n<li style=\"text-align: justify;\">Procesos especiales permite realizar las transacciones de Valorizaci\u00f3n, pignoraci\u00f3n, mejoras y\/o adiciones, eliminaci\u00f3n y traslado a cuentas de orden de activos totalmente depreciados.<\/li>\n<\/ol>\n<p>[\/vc_column_text][\/vc_column][\/vc_row]<\/p>\n","protected":false},"excerpt":{"rendered":"<p>[vc_section css=&#8221;.vc_custom_1666868802530{margin-top: 25px !important;margin-right: 0px !important;margin-bottom: 0px !important;margin-left: 0px !important;padding-top: 10px !important;padding-bottom: 40px !important;background-image: url(https:\/\/www.saotechnology.com\/web\/wp-content\/uploads\/2018\/03\/section-back.png?id=8564) !important;background-position: center !important;background-repeat: no-repeat !important;background-size: cover !important;}&#8221; el_class=&#8221;overflow-visible&#8221;][vc_row gap=&#8221;30&#8243; css=&#8221;.vc_custom_1637579815179{margin-top: 5px !important;margin-right: -15px !important;margin-bottom: 0px !important;margin-left: -15px !important;padding-top: 0px !important;padding-right: 0px !important;padding-bottom: 0px !important;padding-left: 0px !important;}&#8221;][vc_column width=&#8221;1\/2&#8243; css=&#8221;.vc_custom_1637579800333{margin-top: 0px !important;margin-right: 0px !important;margin-bottom: 0px !important;margin-left: 0px !important;padding-right: 30px !important;padding-bottom: 0px !important;padding-left: [&hellip;]<\/p>\n","protected":false},"author":1,"featured_media":0,"parent":0,"menu_order":0,"comment_status":"closed","ping_status":"closed","template":"","meta":{"footnotes":""},"_links":{"self":[{"href":"https:\/\/www.saotechnology.com\/web\/wp-json\/wp\/v2\/pages\/10464"}],"collection":[{"href":"https:\/\/www.saotechnology.com\/web\/wp-json\/wp\/v2\/pages"}],"about":[{"href":"https:\/\/www.saotechnology.com\/web\/wp-json\/wp\/v2\/types\/page"}],"author":[{"embeddable":true,"href":"https:\/\/www.saotechnology.com\/web\/wp-json\/wp\/v2\/users\/1"}],"replies":[{"embeddable":true,"href":"https:\/\/www.saotechnology.com\/web\/wp-json\/wp\/v2\/comments?post=10464"}],"version-history":[{"count":10,"href":"https:\/\/www.saotechnology.com\/web\/wp-json\/wp\/v2\/pages\/10464\/revisions"}],"predecessor-version":[{"id":10889,"href":"https:\/\/www.saotechnology.com\/web\/wp-json\/wp\/v2\/pages\/10464\/revisions\/10889"}],"wp:attachment":[{"href":"https:\/\/www.saotechnology.com\/web\/wp-json\/wp\/v2\/media?parent=10464"}],"curies":[{"name":"wp","href":"https:\/\/api.w.org\/{rel}","templated":true}]}}