{"id":10670,"date":"2023-03-09T22:32:13","date_gmt":"2023-03-09T22:32:13","guid":{"rendered":"https:\/\/www.saotechnology.com\/web\/?page_id=10670"},"modified":"2023-03-27T14:04:06","modified_gmt":"2023-03-27T14:04:06","slug":"nomina-electronica","status":"publish","type":"page","link":"https:\/\/www.saotechnology.com\/web\/nomina-electronica\/","title":{"rendered":"N\u00f3mina Electr\u00f3nica."},"content":{"rendered":"<p>[vc_section css=&#8221;.vc_custom_1666868802530{margin-top: 25px !important;margin-right: 0px !important;margin-bottom: 0px !important;margin-left: 0px !important;padding-top: 10px !important;padding-bottom: 40px !important;background-image: url(https:\/\/www.saotechnology.com\/web\/wp-content\/uploads\/2018\/03\/section-back.png?id=8564) !important;background-position: center !important;background-repeat: no-repeat !important;background-size: cover !important;}&#8221; el_class=&#8221;overflow-visible&#8221;][vc_row gap=&#8221;30&#8243; css=&#8221;.vc_custom_1637579815179{margin-top: 5px !important;margin-right: -15px !important;margin-bottom: 0px !important;margin-left: -15px !important;padding-top: 0px !important;padding-right: 0px !important;padding-bottom: 0px !important;padding-left: 0px !important;}&#8221;][vc_column width=&#8221;1\/2&#8243; css=&#8221;.vc_custom_1637579800333{margin-top: 0px !important;margin-right: 0px !important;margin-bottom: 0px !important;margin-left: 0px !important;padding-right: 30px !important;padding-bottom: 0px !important;padding-left: 0px !important;}&#8221; el_class=&#8221;hover-image&#8221;][vc_single_image image=&#8221;10900&#8243; img_size=&#8221;full&#8221; alignment=&#8221;center&#8221; style=&#8221;vc_box_rounded&#8221; el_class=&#8221;full-width-image&#8221; css=&#8221;.vc_custom_1679925800358{margin-top: 10px !important;margin-right: 0px !important;padding-right: 0px !important;}&#8221;][\/vc_column][vc_column width=&#8221;1\/2&#8243; css=&#8221;.vc_custom_1637579808238{margin-top: 0px !important;margin-right: 0px !important;margin-bottom: 0px !important;margin-left: 0px !important;padding-right: 0px !important;padding-bottom: 0px !important;padding-left: 0px !important;}&#8221;][vc_column_text css=&#8221;.vc_custom_1679925822529{margin-bottom: 30px !important;}&#8221;]&nbsp;<\/p>\n<p>Funcionalidad que genera los archivos de Integraci\u00f3n con los diferentes Operadores encargados de gestionar la transmisi\u00f3n del Documento Soporte de Pago de N\u00f3mina Electr\u00f3nica ante la Dian. Basados en el Anexo T\u00e9cnico de la Dian, y los diferentes conceptos que posteriormente han sido emitidos por la entidad, el aplicativo generar\u00e1 archivos XML para transmitir a la Dian[\/vc_column_text][\/vc_column][\/vc_row][\/vc_section][vc_row css=&#8221;.vc_custom_1559828033176{margin-top: -20px !important;}&#8221;][vc_column][vc_text_separator title=&#8221;&#8221; color=&#8221;green&#8221; border_width=&#8221;2&#8243;][\/vc_column][\/vc_row][vc_row full_width=&#8221;stretch_row&#8221; css=&#8221;.vc_custom_1522994032648{margin-top: 0px !important;margin-right: 0px !important;margin-bottom: 0px !important;margin-left: 0px !important;padding-top: 60px !important;padding-bottom: 40px !important;background-image: url(https:\/\/www.saotechnology.com\/web\/wp-content\/uploads\/2018\/04\/background5.jpg?id=9400) !important;background-position: center !important;background-repeat: no-repeat !important;background-size: cover !important;}&#8221;][vc_column css=&#8221;.vc_custom_1520404745705{margin-top: 0px !important;margin-bottom: 0px !important;padding-top: 4px !important;padding-bottom: 20px !important;}&#8221;][vc_row_inner css=&#8221;.vc_custom_1522994159798{padding-bottom: 30px !important;}&#8221;][vc_column_inner width=&#8221;5\/12&#8243; css=&#8221;.vc_custom_1563124180210{margin-top: 0px !important;margin-bottom: 0px !important;padding-top: 30px !important;padding-bottom: 30px !important;padding-left: 0px !important;}&#8221;][vc_custom_heading text=&#8221;Principales Ventajas&#8221; font_container=&#8221;tag:h2|font_size:28px|text_align:left&#8221; use_theme_fonts=&#8221;yes&#8221; css=&#8221;.vc_custom_1679925839709{border-right-width: 1px !important;border-right-color: #eeeeee !important;border-right-style: solid !important;}&#8221;][\/vc_column_inner][vc_column_inner width=&#8221;7\/12&#8243; css=&#8221;.vc_custom_1522409848610{margin-top: 0px !important;margin-bottom: 0px !important;padding-top: 0px !important;padding-bottom: 0px !important;}&#8221;][vc_custom_heading text=&#8221;\u2714 Soluci\u00f3n integral<br \/>\n\u2714 Integraci\u00f3n con el Sistema Financiero.&#8221; font_container=&#8221;tag:h6|font_size:15px|text_align:left|line_height:26px&#8221; use_theme_fonts=&#8221;yes&#8221;][\/vc_column_inner][\/vc_row_inner][\/vc_column][\/vc_row][vc_row][vc_column][vc_column_text]<\/p>\n<p style=\"text-align: justify;\"><strong>Nova Corp S.A.S<\/strong> es Proveedor tecnol\u00f3gico de facturaci\u00f3n y nomina electr\u00f3nica, la experiencia y madurez adquirida durante los \u00faltimos 8 a\u00f1os nos avala como expertos en procesos de transformaci\u00f3n y avance tecnol\u00f3gico de las empresas y as\u00ed estar a la vanguardia en el suministro de soluciones con los m\u00e1s altos est\u00e1ndares de seguridad, calidad y eficiencia.<\/p>\n<p style=\"text-align: justify;\">Soluci\u00f3n con una Plataforma sincronizada a las disposiciones que expide el gobierno nacional a trav\u00e9s de la DIRECCION DE IMPUESTOS Y ADUNAS NACIONALES \u2013 DIAN para el intercambio de facturas y documentos, generados en la estructura que requiera el cliente para eliminar el riesgo de cualquier irregularidad, posteriormente custodiados y almacenados, agilizando el acceso permanente y seguro a dicha informaci\u00f3n garantizando su autenticidad, integridad y disponibilidad y as\u00ed soportar las transacciones financieras.<\/p>\n<p>[\/vc_column_text][\/vc_column][\/vc_row]<\/p>\n","protected":false},"excerpt":{"rendered":"<p>[vc_section css=&#8221;.vc_custom_1666868802530{margin-top: 25px !important;margin-right: 0px !important;margin-bottom: 0px !important;margin-left: 0px !important;padding-top: 10px !important;padding-bottom: 40px !important;background-image: url(https:\/\/www.saotechnology.com\/web\/wp-content\/uploads\/2018\/03\/section-back.png?id=8564) !important;background-position: center !important;background-repeat: no-repeat !important;background-size: cover !important;}&#8221; el_class=&#8221;overflow-visible&#8221;][vc_row gap=&#8221;30&#8243; css=&#8221;.vc_custom_1637579815179{margin-top: 5px !important;margin-right: -15px !important;margin-bottom: 0px !important;margin-left: -15px !important;padding-top: 0px !important;padding-right: 0px !important;padding-bottom: 0px !important;padding-left: 0px !important;}&#8221;][vc_column width=&#8221;1\/2&#8243; css=&#8221;.vc_custom_1637579800333{margin-top: 0px !important;margin-right: 0px !important;margin-bottom: 0px !important;margin-left: 0px !important;padding-right: 30px !important;padding-bottom: 0px !important;padding-left: [&hellip;]<\/p>\n","protected":false},"author":2,"featured_media":0,"parent":0,"menu_order":0,"comment_status":"closed","ping_status":"closed","template":"","meta":{"footnotes":""},"_links":{"self":[{"href":"https:\/\/www.saotechnology.com\/web\/wp-json\/wp\/v2\/pages\/10670"}],"collection":[{"href":"https:\/\/www.saotechnology.com\/web\/wp-json\/wp\/v2\/pages"}],"about":[{"href":"https:\/\/www.saotechnology.com\/web\/wp-json\/wp\/v2\/types\/page"}],"author":[{"embeddable":true,"href":"https:\/\/www.saotechnology.com\/web\/wp-json\/wp\/v2\/users\/2"}],"replies":[{"embeddable":true,"href":"https:\/\/www.saotechnology.com\/web\/wp-json\/wp\/v2\/comments?post=10670"}],"version-history":[{"count":12,"href":"https:\/\/www.saotechnology.com\/web\/wp-json\/wp\/v2\/pages\/10670\/revisions"}],"predecessor-version":[{"id":10902,"href":"https:\/\/www.saotechnology.com\/web\/wp-json\/wp\/v2\/pages\/10670\/revisions\/10902"}],"wp:attachment":[{"href":"https:\/\/www.saotechnology.com\/web\/wp-json\/wp\/v2\/media?parent=10670"}],"curies":[{"name":"wp","href":"https:\/\/api.w.org\/{rel}","templated":true}]}}