{"id":10714,"date":"2023-03-14T16:18:17","date_gmt":"2023-03-14T16:18:17","guid":{"rendered":"https:\/\/www.saotechnology.com\/web\/?page_id=10714"},"modified":"2023-03-27T04:44:58","modified_gmt":"2023-03-27T04:44:58","slug":"myquantities","status":"publish","type":"page","link":"https:\/\/www.saotechnology.com\/web\/myquantities\/","title":{"rendered":"MyQuantities"},"content":{"rendered":"<p>[vc_section css=&#8221;.vc_custom_1666868802530{margin-top: 25px !important;margin-right: 0px !important;margin-bottom: 0px !important;margin-left: 0px !important;padding-top: 10px !important;padding-bottom: 40px !important;background-image: url(https:\/\/www.saotechnology.com\/web\/wp-content\/uploads\/2018\/03\/section-back.png?id=8564) !important;background-position: center !important;background-repeat: no-repeat !important;background-size: cover !important;}&#8221; el_class=&#8221;overflow-visible&#8221;][vc_row gap=&#8221;30&#8243; css=&#8221;.vc_custom_1637579815179{margin-top: 5px !important;margin-right: -15px !important;margin-bottom: 0px !important;margin-left: -15px !important;padding-top: 0px !important;padding-right: 0px !important;padding-bottom: 0px !important;padding-left: 0px !important;}&#8221;][vc_column width=&#8221;1\/2&#8243; css=&#8221;.vc_custom_1637579800333{margin-top: 0px !important;margin-right: 0px !important;margin-bottom: 0px !important;margin-left: 0px !important;padding-right: 30px !important;padding-bottom: 0px !important;padding-left: 0px !important;}&#8221; el_class=&#8221;hover-image&#8221;][vc_single_image image=&#8221;10167&#8243; img_size=&#8221;full&#8221; alignment=&#8221;center&#8221; style=&#8221;vc_box_rounded&#8221; css=&#8221;.vc_custom_1679861640198{margin-top: 10px !important;margin-right: 0px !important;padding-right: 0px !important;}&#8221;][\/vc_column][vc_column width=&#8221;1\/2&#8243; css=&#8221;.vc_custom_1637579808238{margin-top: 0px !important;margin-right: 0px !important;margin-bottom: 0px !important;margin-left: 0px !important;padding-right: 0px !important;padding-bottom: 0px !important;padding-left: 0px !important;}&#8221;][vc_custom_heading text=&#8221;MyQuantities&#8221; font_container=&#8221;tag:h4|font_size:28px|text_align:center&#8221; use_theme_fonts=&#8221;yes&#8221; css=&#8221;.vc_custom_1679861804817{margin-top: 0px !important;margin-bottom: 0px !important;padding-top: 0px !important;padding-bottom: 25px !important;}&#8221;][vc_column_text css=&#8221;.vc_custom_1679885408928{margin-bottom: 30px !important;}&#8221;]<\/p>\n<h2><\/h2>\n<h3>\u00bfPor qu\u00e9 usar\u00a0<strong>MY QUANTITIES<\/strong>?<\/h3>\n<p>&nbsp;<\/p>\n<p style=\"text-align: justify;\">Desde el a\u00f1o 2012 cuando\u00a0comienza a desarrollarse este plugin para conectar\u00a0<em>Revit<\/em>\u00a0con el programa de\u00a0<strong>SAO<\/strong>\u00a0en el m\u00f3dulo de Presupuesto de obra, esta pregunta ha sido recurrente; \u00bfpor qu\u00e9 usar\u00a0<em>My quantities<\/em>\u00a0si\u00a0<em>Revit<\/em>\u00a0permite cuantificar y exportar las cantidades de obra?<\/p>\n<p style=\"text-align: justify;\">Si bien la funci\u00f3n de\u00a0 los Plug-in es agregar funciones a un software que inicialmente no existen, tambi\u00e9n est\u00e1n concebidos para simplificar procesos y complementar su uso, este es el caso de\u00a0<strong>MYQ<\/strong>\u00a0que busca reducir sustancialmente los pasos para exportar las cantidades de obra, complement\u00e1ndolo con una conexi\u00f3n directa al programa de presupuestos de obra\u00a0<strong>SAO<\/strong>.<\/p>\n<p>&nbsp;<\/p>\n<p>Todo profesional que trabaje costos de obra sabe que es fundamental para obtener un presupuesto fiable la correcta medici\u00f3n de las cantidades de obra, un error en este aspecto puede alterar el valor real calculado incluso si los precios y los APU son correctos.[\/vc_column_text][\/vc_column][\/vc_row][\/vc_section][vc_row css=&#8221;.vc_custom_1559828033176{margin-top: -20px !important;}&#8221;][vc_column][vc_text_separator title=&#8221;&#8221; color=&#8221;green&#8221; border_width=&#8221;2&#8243;][\/vc_column][\/vc_row][vc_row full_width=&#8221;stretch_row&#8221; css=&#8221;.vc_custom_1679885647335{margin-top: 0px !important;margin-right: 0px !important;margin-bottom: 0px !important;margin-left: 0px !important;padding-top: 60px !important;padding-bottom: 40px !important;background-image: url(https:\/\/www.saotechnology.com\/web\/wp-content\/uploads\/2023\/03\/banner1-2.png?id=10862) !important;background-position: center !important;background-repeat: no-repeat !important;background-size: cover !important;}&#8221;][vc_column css=&#8221;.vc_custom_1520404745705{margin-top: 0px !important;margin-bottom: 0px !important;padding-top: 4px !important;padding-bottom: 20px !important;}&#8221;][vc_row_inner css=&#8221;.vc_custom_1522994159798{padding-bottom: 30px !important;}&#8221;][vc_column_inner css=&#8221;.vc_custom_1522409848610{margin-top: 0px !important;margin-bottom: 0px !important;padding-top: 0px !important;padding-bottom: 0px !important;}&#8221;][vc_custom_heading text=&#8221;Son m\u00e1s que evidentes las razones para utilizar MYQ, este plugin est\u00e1 dise\u00f1ado para ser un complemento indispensable de Revit, su facilidad de uso y precisi\u00f3n permite que sus procesos de presupuesto de obra se simplifiquen significativamente aumentando su fiabilidad y su capacidad de decisi\u00f3n.&#8221; font_container=&#8221;tag:h3|font_size:17px|text_align:center|line_height:26px&#8221; use_theme_fonts=&#8221;yes&#8221;][\/vc_column_inner][\/vc_row_inner][\/vc_column][\/vc_row][vc_row][vc_column width=&#8221;1\/2&#8243;]\r<!-- fancy-text-box -->\r<div class=\"rt-fancy-text-box element-one   \"   data-fancy-text-box-align=\"left\"><div class=\"holder matchHeight \"><div class=\"title\"><div class=\"icon\"><i class=\"fa fa-angle-double-right\"><\/i><\/div><h4 class=\"fancy-text-tag\"  style=\"font-size: 24px;line-height: 35px\" >Caracter\u00edsticas Generales<\/h4><\/div><div class=\"data\"><p><\/p><\/div><\/div><\/div>\r<!-- fancy-text-box -->\r[\/vc_column][vc_column width=&#8221;1\/2&#8243;][vc_column_text][\/vc_column_text][\/vc_column][\/vc_row][vc_row][vc_column width=&#8221;1\/2&#8243;][vc_column_text]<\/p>\n<div class=\"et_pb_row\">\n<div class=\"et_pb_column et_pb_column_4_4\">\n<div class=\"et_pb_text et_pb_bg_layout_light et_pb_text_align_center\">\n<h3><\/h3>\n<\/div>\n<p>&nbsp;<\/p>\n<h4 style=\"text-align: center;\"><span style=\"color: #86bc25;\">1.<\/span><\/h4>\n<\/div>\n<\/div>\n<p>&nbsp;<\/p>\n<div class=\"et_pb_row\">\n<div class=\"et_pb_column et_pb_column_1_2\">\n<div class=\"et_pb_blurb et_pb_bg_layout_light et_pb_text_align_left blurb-caracteristicas et_pb_blurb_position_left\">\n<div class=\"et_pb_blurb_content\">\n<p>Son cuatro pasos que se reducen a uno en MYQ, asignar un c\u00f3digo de actividad o Insumo a cada una de las tipolog\u00edas de elementos. Se podr\u00eda decir entonces que la ganancia de tiempo en la utilizaci\u00f3n de MYQ es de cuatro a uno, pero esta ganancia es mucho mayor si se tiene en cuenta que en Revit el anterior proceso de cuatro pasos hay que realizarlo para cada una de las categor\u00edas de elementos (Muros, Puertas, ventanas etc), lo que incrementa sustancialmente el tiempo del proceso y marca una diferencia muy grande en la utilizaci\u00f3n de MYQ.<\/p>\n<p>&nbsp;<\/p>\n<\/div>\n<\/div>\n<div class=\"et_pb_blurb et_pb_bg_layout_light et_pb_text_align_left blurb-caracteristicas et_pb_blurb_position_left\">\n<div class=\"et_pb_blurb_content\">\n<h4 class=\"et_pb_main_blurb_image\" style=\"text-align: center;\"><span style=\"color: #86bc25;\"><strong><span class=\"et-pb-icon et-waypoint et_pb_animation_left et-animated\">2.<\/span><\/strong><\/span><\/h4>\n<div><\/div>\n<p>Resumiendo el proceso, quiere decir que todo lo que Ud necesita para obtener las cantidades de obra de su proyecto\u00a0 a trav\u00e9s de MYQ de manera asertiva y confiable es modelarlo con precisi\u00f3n en Revit diferenciando las tipolog\u00edas de los elementos con un c\u00f3digo de actividad y si lo requiere\u00a0 un c\u00f3digo de insumo. MYQ exporta todo lo que modele y contenga un c\u00f3digo de actividad, de una forma gr\u00e1fica y textual le informa lo que no se va a exportar y desde esta ventana puede acceder para asignarle el c\u00f3digo. Si realiza alg\u00fan cambio en el modelo o en la especificaci\u00f3n del elemento MYQ lo actualiza en tiempo real.<\/p>\n<\/div>\n<\/div>\n<\/div>\n<div class=\"et_pb_column et_pb_column_1_2\">\n<div class=\"et_pb_blurb et_pb_bg_layout_light et_pb_text_align_left blurb-caracteristicas et_pb_blurb_position_left\">\n<div class=\"et_pb_blurb_content\"><\/div>\n<\/div>\n<\/div>\n<\/div>\n<div class=\"et_pb_row\">\n<div class=\"et_pb_column et_pb_column_4_4\">\n<div class=\"et_pb_text et_pb_bg_layout_light et_pb_text_align_center\">\n<p>&nbsp;<\/p>\n<\/div>\n<\/div>\n<\/div>\n<p>[\/vc_column_text][\/vc_column][vc_column width=&#8221;1\/2&#8243;][vc_column_text]<\/p>\n<div class=\"et_pb_row\">\n<div class=\"et_pb_column et_pb_column_1_2\">\n<div class=\"et_pb_blurb et_pb_bg_layout_light et_pb_text_align_left blurb-caracteristicas et_pb_blurb_position_left\">\n<div class=\"et_pb_blurb_content\">\n<div><\/div>\n<h4 class=\"et_pb_main_blurb_image\" style=\"text-align: center;\"><span class=\"et-pb-icon et-waypoint et_pb_animation_left et-animated\" style=\"color: #86bc25;\">3.<\/span><\/h4>\n<p>&nbsp;<\/p>\n<p style=\"text-align: justify;\">El Modulo de conexi\u00f3n con SAO exporta las cantidades en forma autom\u00e1tica, donde se discriminan cada una de la categor\u00edas de elementos (Muros, Puertas, ventanas etc), con su c\u00f3digo de actividad, descripci\u00f3n, metros lineales, metros cuadrados y metros c\u00fabicos y una ubicaci\u00f3n que puede ser asignada desde Revit, algunas de estas ubicaciones se asignan autom\u00e1ticamente como en el caso de las Losas (Nivel) y Columnas ( Ejes ), dentro de SAO se obtienen las mediciones a un solo click de distancia donde se pueden controlar en forma efectiva todas las cantidades del proyecto bien sea como un informe de cantidades o un reporte ejecutivo para negociar con los proveedores o pliegos iniciales de licitaciones y obtener el presupuesto en tiempo real.<\/p>\n<p>&nbsp;<\/p>\n<\/div>\n<\/div>\n<div><\/div>\n<div class=\"et_pb_blurb et_pb_bg_layout_light et_pb_text_align_left blurb-caracteristicas et_pb_blurb_position_left\" style=\"text-align: justify;\">\n<div class=\"et_pb_blurb_content\">\n<h4 class=\"et_pb_main_blurb_image\" style=\"text-align: center;\"><span style=\"color: #86bc25;\"><strong><span class=\"et-pb-icon et-waypoint et_pb_animation_left et-animated\">4.<\/span><\/strong><\/span><\/h4>\n<div><\/div>\n<p>MYQ se instala con toda una librer\u00eda de elementos constructivos (tipolog\u00edas) basados en la base de datos de SAO\u00a0con los c\u00f3digos de actividades preasignados y adaptados a los sistemas constructivos nuestros, puertas con dintel, ventanas con alfaj\u00edas y dinteles, diferentes tipos de cerraduras, y la posibilidad de adaptar cada uno de estos elementos a las necesidades de cada proyecto o empresa constructora.<\/p>\n<\/div>\n<\/div>\n<\/div>\n<\/div>\n<div class=\"et_pb_row\">\n<div class=\"et_pb_column et_pb_column_4_4\">\n<div class=\"et_pb_text et_pb_bg_layout_light et_pb_text_align_center\">\n<p style=\"text-align: justify;\">Son m\u00e1s que evidentes las razones para utilizar MYQ, este plugin est\u00e1 dise\u00f1ado para ser un complemento indispensable de Revit, su facilidad de uso y precisi\u00f3n permite que sus procesos de presupuesto de obra se simplifiquen significativamente aumentando su fiabilidad y su capacidad de decisi\u00f3n.<\/p>\n<\/div>\n<\/div>\n<\/div>\n<p>[\/vc_column_text][\/vc_column][\/vc_row][vc_row][vc_column]\r<!-- fancy-text-box -->\r<div class=\"rt-fancy-text-box element-one   \"   data-fancy-text-box-align=\"left\"><div class=\"holder matchHeight \"><div class=\"title\"><div class=\"icon\"><i class=\"fa fa-video-camera\"><\/i><\/div><h4 class=\"fancy-text-tag\"  style=\"font-size: 24px;line-height: 35px\" >Videos del uso de Myquantities<\/h4><\/div><div class=\"data\"><p><\/p><\/div><\/div><\/div>\r<!-- fancy-text-box -->\r[vc_video link=&#8221;https:\/\/www.youtube.com\/watch?v=7LhlHj_38hE&#8221;][\/vc_column][\/vc_row][vc_row][vc_column][\/vc_column][\/vc_row]<\/p>\n","protected":false},"excerpt":{"rendered":"<p>[vc_section css=&#8221;.vc_custom_1666868802530{margin-top: 25px !important;margin-right: 0px !important;margin-bottom: 0px !important;margin-left: 0px !important;padding-top: 10px !important;padding-bottom: 40px !important;background-image: url(https:\/\/www.saotechnology.com\/web\/wp-content\/uploads\/2018\/03\/section-back.png?id=8564) !important;background-position: center !important;background-repeat: no-repeat !important;background-size: cover !important;}&#8221; el_class=&#8221;overflow-visible&#8221;][vc_row gap=&#8221;30&#8243; css=&#8221;.vc_custom_1637579815179{margin-top: 5px !important;margin-right: -15px !important;margin-bottom: 0px !important;margin-left: -15px !important;padding-top: 0px !important;padding-right: 0px !important;padding-bottom: 0px !important;padding-left: 0px !important;}&#8221;][vc_column width=&#8221;1\/2&#8243; css=&#8221;.vc_custom_1637579800333{margin-top: 0px !important;margin-right: 0px !important;margin-bottom: 0px !important;margin-left: 0px !important;padding-right: 30px !important;padding-bottom: 0px !important;padding-left: [&hellip;]<\/p>\n","protected":false},"author":2,"featured_media":0,"parent":0,"menu_order":0,"comment_status":"closed","ping_status":"closed","template":"","meta":{"footnotes":""},"_links":{"self":[{"href":"https:\/\/www.saotechnology.com\/web\/wp-json\/wp\/v2\/pages\/10714"}],"collection":[{"href":"https:\/\/www.saotechnology.com\/web\/wp-json\/wp\/v2\/pages"}],"about":[{"href":"https:\/\/www.saotechnology.com\/web\/wp-json\/wp\/v2\/types\/page"}],"author":[{"embeddable":true,"href":"https:\/\/www.saotechnology.com\/web\/wp-json\/wp\/v2\/users\/2"}],"replies":[{"embeddable":true,"href":"https:\/\/www.saotechnology.com\/web\/wp-json\/wp\/v2\/comments?post=10714"}],"version-history":[{"count":19,"href":"https:\/\/www.saotechnology.com\/web\/wp-json\/wp\/v2\/pages\/10714\/revisions"}],"predecessor-version":[{"id":10873,"href":"https:\/\/www.saotechnology.com\/web\/wp-json\/wp\/v2\/pages\/10714\/revisions\/10873"}],"wp:attachment":[{"href":"https:\/\/www.saotechnology.com\/web\/wp-json\/wp\/v2\/media?parent=10714"}],"curies":[{"name":"wp","href":"https:\/\/api.w.org\/{rel}","templated":true}]}}