{"id":10744,"date":"2023-03-16T14:25:15","date_gmt":"2023-03-16T14:25:15","guid":{"rendered":"https:\/\/www.saotechnology.com\/web\/?page_id=10744"},"modified":"2024-07-10T20:17:16","modified_gmt":"2024-07-10T20:17:16","slug":"facturacion-electronica","status":"publish","type":"page","link":"https:\/\/www.saotechnology.com\/web\/facturacion-electronica\/","title":{"rendered":"Facturaci\u00f3n Electr\u00f3nica"},"content":{"rendered":"<p>[vc_section css=&#8221;.vc_custom_1666868802530{margin-top: 25px !important;margin-right: 0px !important;margin-bottom: 0px !important;margin-left: 0px !important;padding-top: 10px !important;padding-bottom: 40px !important;background-image: url(https:\/\/www.saotechnology.com\/web\/wp-content\/uploads\/2018\/03\/section-back.png?id=8564) !important;background-position: center !important;background-repeat: no-repeat !important;background-size: cover !important;}&#8221; el_class=&#8221;overflow-visible&#8221;][vc_row gap=&#8221;30&#8243; css=&#8221;.vc_custom_1637579815179{margin-top: 5px !important;margin-right: -15px !important;margin-bottom: 0px !important;margin-left: -15px !important;padding-top: 0px !important;padding-right: 0px !important;padding-bottom: 0px !important;padding-left: 0px !important;}&#8221;][vc_column width=&#8221;1\/2&#8243; css=&#8221;.vc_custom_1637579800333{margin-top: 0px !important;margin-right: 0px !important;margin-bottom: 0px !important;margin-left: 0px !important;padding-right: 30px !important;padding-bottom: 0px !important;padding-left: 0px !important;}&#8221; el_class=&#8221;hover-image&#8221;][vc_single_image image=&#8221;10883&#8243; img_size=&#8221;full&#8221; alignment=&#8221;center&#8221; style=&#8221;vc_box_rounded&#8221; el_class=&#8221;full-width-image&#8221; css=&#8221;.vc_custom_1679919592561{margin-top: 10px !important;margin-right: 0px !important;padding-right: 0px !important;}&#8221;][\/vc_column][vc_column width=&#8221;1\/2&#8243; css=&#8221;.vc_custom_1637579808238{margin-top: 0px !important;margin-right: 0px !important;margin-bottom: 0px !important;margin-left: 0px !important;padding-right: 0px !important;padding-bottom: 0px !important;padding-left: 0px !important;}&#8221;][vc_custom_heading text=&#8221;Facturaci\u00f3n Electr\u00f3nica&#8221; font_container=&#8221;tag:h5|font_size:23px|text_align:left&#8221; use_theme_fonts=&#8221;yes&#8221; css=&#8221;.vc_custom_1679919623261{margin-top: 0px !important;margin-bottom: 0px !important;padding-top: 0px !important;padding-bottom: 25px !important;}&#8221;][vc_column_text css=&#8221;.vc_custom_1679892593448{margin-bottom: 30px !important;}&#8221;]<\/p>\n<p style=\"text-align: justify;\">Soluci\u00f3n con una Plataforma sincronizada a las disposiciones que expide el gobierno nacional a trav\u00e9s de la DIRECCION DE IMPUESTOS Y ADUNAS NACIONALES \u2013 DIAN para el intercambio de facturas y documentos, generados en la estructura que requiera el cliente para eliminar el riesgo de cualquier irregularidad, posteriormente custodiados y almacenados, agilizando el acceso permanente y seguro a dicha informaci\u00f3n garantizando su autenticidad, integridad y disponibilidad y as\u00ed soportar las transacciones financieras.<\/p>\n<p>&nbsp;<\/p>\n<h4><strong>Documento Soporte<\/strong><\/h4>\n<p>&nbsp;<\/p>\n<p style=\"text-align: justify;\">Documento que acredita la compra de un bien o servicio, y que debe generar el comprador cuando hace transacciones con un proveedor que no est\u00e1 obligado a expedir factura de venta o documento equivalente.<\/p>\n<p>&nbsp;<\/p>\n<h4><strong>\u00bfQu\u00e9 beneficios tiene?<\/strong><\/h4>\n<p style=\"text-align: justify;\">Le permite documentar las operaciones cuando se realizan con proveedores no obligados a emitir factura o documento equivalente. As\u00ed soportas adecuadamente costos, deducciones, o impuestos descontables en estas adquisiciones.<\/p>\n<p>\u00a0[\/vc_column_text][\/vc_column][\/vc_row][\/vc_section][vc_row css=&#8221;.vc_custom_1679892872870{margin-top: -20px !important;background-color: #ededed !important;}&#8221;][vc_column][vc_column_text]<\/p>\n<h4><strong>Invoway<\/strong><\/h4>\n<p>&nbsp;<\/p>\n<p style=\"text-align: justify;\"><strong>Invoway<\/strong> es nuestra soluci\u00f3n tecnol\u00f3gica que le permitir\u00e1 gestionar de una manera m\u00e1s eficiente el proceso de facturaci\u00f3n con sus proveedores o clientes, es capaz de extraer y verificar de manera autom\u00e1tica, evitando la necesidad de que sus proveedores se vean en la necesidad de modificar sus procesos de elaboraci\u00f3n de documentos para poder radicar facturas.<\/p>\n<p style=\"text-align: justify;\"><strong>Invoway<\/strong> contempla todo el proceso para facturaci\u00f3n electr\u00f3nica, desde la generaci\u00f3n de cualquier formato de factura hasta la entrega electr\u00f3nicamente al cliente. Del mismo modo sus clientes tendr\u00e1n la opci\u00f3n de consultar, descargar, aprobar o rechazar el documento.<\/p>\n<p style=\"text-align: justify;\"><strong>Invoway<\/strong> se integra al ERP <strong>SAO<\/strong>\u00a0y le permite realizar de manera autom\u00e1tica y en l\u00ednea la triple validaci\u00f3n en sus facturas<\/p>\n<p>[\/vc_column_text][vc_text_separator title=&#8221;&#8221; color=&#8221;green&#8221; border_width=&#8221;2&#8243;][\/vc_column][\/vc_row][vc_row full_width=&#8221;stretch_row&#8221; css=&#8221;.vc_custom_1522994032648{margin-top: 0px !important;margin-right: 0px !important;margin-bottom: 0px !important;margin-left: 0px !important;padding-top: 60px !important;padding-bottom: 40px !important;background-image: url(https:\/\/www.saotechnology.com\/web\/wp-content\/uploads\/2018\/04\/background5.jpg?id=9400) !important;background-position: center !important;background-repeat: no-repeat !important;background-size: cover !important;}&#8221;][vc_column css=&#8221;.vc_custom_1520404745705{margin-top: 0px !important;margin-bottom: 0px !important;padding-top: 4px !important;padding-bottom: 20px !important;}&#8221;][vc_row_inner css=&#8221;.vc_custom_1522994159798{padding-bottom: 30px !important;}&#8221;][vc_column_inner width=&#8221;5\/12&#8243; css=&#8221;.vc_custom_1563124180210{margin-top: 0px !important;margin-bottom: 0px !important;padding-top: 30px !important;padding-bottom: 30px !important;padding-left: 0px !important;}&#8221;][vc_custom_heading text=&#8221;Beneficios&#8221; font_container=&#8221;tag:h2|font_size:28px|text_align:left&#8221; use_theme_fonts=&#8221;yes&#8221; css=&#8221;.vc_custom_1679892709567{border-right-width: 1px !important;border-right-color: #eeeeee !important;border-right-style: solid !important;}&#8221;][\/vc_column_inner][vc_column_inner width=&#8221;7\/12&#8243; css=&#8221;.vc_custom_1522409848610{margin-top: 0px !important;margin-bottom: 0px !important;padding-top: 0px !important;padding-bottom: 0px !important;}&#8221;]\r<!-- list -->\r<div class=\"rt-list rt32275c06-9dff-10 element-two   \" ><p><\/p>\n<ul>\n<li>Eliminaci\u00f3n de riesgo de p\u00e9rdida de documentos f\u00edsicos<\/li>\n<li>Hace eficiente la gesti\u00f3n documental<\/li>\n<li>Cuidado y protecci\u00f3n del medio ambiente<\/li>\n<li>Consulta en l\u00ednea<\/li>\n<li>Adecuaci\u00f3n a la legislaci\u00f3n<\/li>\n<li>Facilidad en las transacciones<\/li>\n<li>Facilita la trazabilidad y seguridad de operaciones<\/li>\n<li>Mejora la gesti\u00f3n de cobro<\/li>\n<li>Ahorro en costos de impresi\u00f3n, despacho, y<br \/>\nalmacenamiento.<\/li>\n<li>Integraci\u00f3n de procesos misionales, log\u00edsticos, contables,<br \/>\nfinancieros y administrativos.<\/li>\n<li>Mejora la relaci\u00f3n cliente\/Proveedor<\/li>\n<\/ul>\n<p><\/p><\/div>\r<!-- list -->\r[\/vc_column_inner][\/vc_row_inner][\/vc_column][\/vc_row][vc_row][vc_column][vc_column_text]<\/p>\n<p style=\"text-align: justify;\"><strong>Nova Corp S.A.S<\/strong> es Proveedor tecnol\u00f3gico de facturaci\u00f3n y nomina electr\u00f3nica, la experiencia y madurez adquirida durante los \u00faltimos 8 a\u00f1os nos avala como expertos en procesos de transformaci\u00f3n y avance tecnol\u00f3gico de las empresas y as\u00ed estar a la vanguardia en el suministro de soluciones con los m\u00e1s altos est\u00e1ndares de seguridad, calidad y eficiencia.<\/p>\n<p style=\"text-align: justify;\">Soluci\u00f3n con una Plataforma sincronizada a las disposiciones que expide el gobierno nacional a trav\u00e9s de la DIRECCION DE IMPUESTOS Y ADUNAS NACIONALES \u2013 DIAN para el intercambio de facturas y documentos, generados en la estructura que requiera el cliente para eliminar el riesgo de cualquier irregularidad, posteriormente custodiados y almacenados, agilizando el acceso permanente y seguro a dicha informaci\u00f3n garantizando su autenticidad, integridad y disponibilidad y as\u00ed soportar las transacciones financieras.<\/p>\n<p>[\/vc_column_text][\/vc_column][\/vc_row][vc_row][vc_column]\r<!-- fancy-text-box -->\r<div class=\"rt-fancy-text-box element-one   \"   data-fancy-text-box-align=\"left\"><div class=\"holder matchHeight \"><div class=\"title\"><div class=\"icon\"><i class=\"fa fa-angle-double-right\"><\/i><\/div><h4 class=\"fancy-text-tag\"  style=\"font-size: 24px;line-height: 35px\" >Video Invoway<\/h4><\/div><div class=\"data\"><p><\/p><\/div><\/div><\/div>\r<!-- fancy-text-box -->\r[vc_video link=&#8221;https:\/\/www.youtube.com\/watch?v=nHty7GKdhGg&#8221; align=&#8221;center&#8221;][\/vc_column][\/vc_row][vc_row][vc_column][\/vc_column][\/vc_row]<\/p>\n","protected":false},"excerpt":{"rendered":"<p>[vc_section css=&#8221;.vc_custom_1666868802530{margin-top: 25px !important;margin-right: 0px !important;margin-bottom: 0px !important;margin-left: 0px !important;padding-top: 10px !important;padding-bottom: 40px !important;background-image: url(https:\/\/www.saotechnology.com\/web\/wp-content\/uploads\/2018\/03\/section-back.png?id=8564) !important;background-position: center !important;background-repeat: no-repeat !important;background-size: cover !important;}&#8221; el_class=&#8221;overflow-visible&#8221;][vc_row gap=&#8221;30&#8243; css=&#8221;.vc_custom_1637579815179{margin-top: 5px !important;margin-right: -15px !important;margin-bottom: 0px !important;margin-left: -15px !important;padding-top: 0px !important;padding-right: 0px !important;padding-bottom: 0px !important;padding-left: 0px !important;}&#8221;][vc_column width=&#8221;1\/2&#8243; css=&#8221;.vc_custom_1637579800333{margin-top: 0px !important;margin-right: 0px !important;margin-bottom: 0px !important;margin-left: 0px !important;padding-right: 30px !important;padding-bottom: 0px !important;padding-left: [&hellip;]<\/p>\n","protected":false},"author":2,"featured_media":0,"parent":0,"menu_order":0,"comment_status":"closed","ping_status":"closed","template":"","meta":{"footnotes":""},"_links":{"self":[{"href":"https:\/\/www.saotechnology.com\/web\/wp-json\/wp\/v2\/pages\/10744"}],"collection":[{"href":"https:\/\/www.saotechnology.com\/web\/wp-json\/wp\/v2\/pages"}],"about":[{"href":"https:\/\/www.saotechnology.com\/web\/wp-json\/wp\/v2\/types\/page"}],"author":[{"embeddable":true,"href":"https:\/\/www.saotechnology.com\/web\/wp-json\/wp\/v2\/users\/2"}],"replies":[{"embeddable":true,"href":"https:\/\/www.saotechnology.com\/web\/wp-json\/wp\/v2\/comments?post=10744"}],"version-history":[{"count":20,"href":"https:\/\/www.saotechnology.com\/web\/wp-json\/wp\/v2\/pages\/10744\/revisions"}],"predecessor-version":[{"id":10967,"href":"https:\/\/www.saotechnology.com\/web\/wp-json\/wp\/v2\/pages\/10744\/revisions\/10967"}],"wp:attachment":[{"href":"https:\/\/www.saotechnology.com\/web\/wp-json\/wp\/v2\/media?parent=10744"}],"curies":[{"name":"wp","href":"https:\/\/api.w.org\/{rel}","templated":true}]}}