{"id":10766,"date":"2023-03-16T20:45:13","date_gmt":"2023-03-16T20:45:13","guid":{"rendered":"https:\/\/www.saotechnology.com\/web\/?page_id=10766"},"modified":"2023-03-16T20:49:16","modified_gmt":"2023-03-16T20:49:16","slug":"capacitacion-almacen","status":"publish","type":"page","link":"https:\/\/www.saotechnology.com\/web\/capacitacion-almacen\/","title":{"rendered":"Capacitaci\u00f3n  ALMACEN"},"content":{"rendered":"<p>[vc_row full_width=&#8221;stretch_row&#8221; css=&#8221;.vc_custom_1644287019190{margin-top: 60px !important;margin-bottom: 0px !important;padding-top: 0px !important;padding-bottom: 80px !important;background-color: #ffffff !important;}&#8221;][vc_column css=&#8221;.vc_custom_1519362639897{margin-top: 0px !important;padding-top: 0px !important;}&#8221;][vc_custom_heading text=&#8221;CONTENIDO DEL CURSO&#8221; font_container=&#8221;tag:h4|font_size:36px|text_align:center|line_height:26px&#8221; use_theme_fonts=&#8221;yes&#8221;][vc_single_image image=&#8221;9650&#8243; img_size=&#8221;full&#8221; alignment=&#8221;center&#8221; css=&#8221;.vc_custom_1560053838196{margin-top: 28px !important;margin-bottom: 0px !important;padding-top: 0px !important;padding-bottom: 0px !important;}&#8221;][vc_row_inner css=&#8221;.vc_custom_1644287151266{margin-top: 10px !important;margin-bottom: 0px !important;padding-top: 0px !important;padding-bottom: 0px !important;}&#8221;][vc_column_inner][vc_column_text css=&#8221;.vc_custom_1678999797082{margin-top: 35px !important;margin-bottom: 0px !important;padding-top: 0px !important;padding-bottom: 0px !important;}&#8221;]<\/p>\n<div class=\"et_pb_toggle et_pb_toggle_open\">\n<h3 class=\"et_pb_toggle_title\"><span style=\"color: #99cc00;\">Modulo 1.<\/span><\/h3>\n<h3 class=\"et_pb_toggle_title\"><span style=\"color: #99cc00;\"> Conceptualizaci\u00f3n<\/span><\/h3>\n<div class=\"et_pb_toggle_content clearfix\">\n<p style=\"text-align: justify;\">En este m\u00f3dulo se detallan los conceptos b\u00e1sicos que requiere el usuario para operar el sistema de Control de Costos, su funcionalidad,\u00a0 formas de impresi\u00f3n, y mecanismos de b\u00fasqueda de informaci\u00f3n.<\/p>\n<p>&nbsp;<\/p>\n<\/div>\n<\/div>\n<div class=\"et_pb_toggle et_pb_toggle_open\">\n<h3 class=\"et_pb_toggle_title\"><span style=\"color: #99cc00;\">Modulo 2. <\/span><\/h3>\n<h3 class=\"et_pb_toggle_title\"><span style=\"color: #99cc00;\">Pedidos e Inventarios<\/span><\/h3>\n<div class=\"et_pb_toggle_content clearfix\">\n<p style=\"text-align: justify;\">En este m\u00f3dulo se ense\u00f1a el ciclo de pedido solicitud de materiales al \u00e1rea de compras,\u00a0 y posteriormente el manejo del inventario de la obra con cada una de las funcionalidades que ofrece el sistema para dar una mayor rapidez en el manejo de la informaci\u00f3n.<\/p>\n<p>&nbsp;<\/p>\n<\/div>\n<\/div>\n<div class=\"et_pb_toggle et_pb_toggle_open\">\n<h3 class=\"et_pb_toggle_title\"><span style=\"color: #99cc00;\">Modulo 3. <\/span><\/h3>\n<h3 class=\"et_pb_toggle_title\"><span style=\"color: #99cc00;\">Facturas<\/span><\/h3>\n<div class=\"et_pb_toggle_content clearfix\">\n<p style=\"text-align: justify;\">En este m\u00f3dulo se ense\u00f1a el manejo del registro de las facturas que afectan tanto a costos como el sistema de Contabilidad. En cada una de opciones se exponen las operaciones de ingreso, retiro, modificaci\u00f3n, consulta, impresi\u00f3n y otras facilidades que le ayudan al usuario a verificar la informaci\u00f3n registrada en el sistema.<\/p>\n<\/div>\n<\/div>\n<p>[\/vc_column_text][\/vc_column_inner][\/vc_row_inner][\/vc_column][\/vc_row]<\/p>\n","protected":false},"excerpt":{"rendered":"<p>[vc_row full_width=&#8221;stretch_row&#8221; css=&#8221;.vc_custom_1644287019190{margin-top: 60px !important;margin-bottom: 0px !important;padding-top: 0px !important;padding-bottom: 80px !important;background-color: #ffffff !important;}&#8221;][vc_column css=&#8221;.vc_custom_1519362639897{margin-top: 0px !important;padding-top: 0px !important;}&#8221;][vc_custom_heading text=&#8221;CONTENIDO DEL CURSO&#8221; font_container=&#8221;tag:h4|font_size:36px|text_align:center|line_height:26px&#8221; use_theme_fonts=&#8221;yes&#8221;][vc_single_image image=&#8221;9650&#8243; img_size=&#8221;full&#8221; alignment=&#8221;center&#8221; css=&#8221;.vc_custom_1560053838196{margin-top: 28px !important;margin-bottom: 0px !important;padding-top: 0px !important;padding-bottom: 0px !important;}&#8221;][vc_row_inner css=&#8221;.vc_custom_1644287151266{margin-top: 10px !important;margin-bottom: 0px !important;padding-top: 0px !important;padding-bottom: 0px !important;}&#8221;][vc_column_inner][vc_column_text css=&#8221;.vc_custom_1678999797082{margin-top: 35px !important;margin-bottom: 0px !important;padding-top: 0px !important;padding-bottom: 0px !important;}&#8221;] Modulo 1. [&hellip;]<\/p>\n","protected":false},"author":2,"featured_media":0,"parent":0,"menu_order":0,"comment_status":"closed","ping_status":"closed","template":"","meta":{"footnotes":""},"_links":{"self":[{"href":"https:\/\/www.saotechnology.com\/web\/wp-json\/wp\/v2\/pages\/10766"}],"collection":[{"href":"https:\/\/www.saotechnology.com\/web\/wp-json\/wp\/v2\/pages"}],"about":[{"href":"https:\/\/www.saotechnology.com\/web\/wp-json\/wp\/v2\/types\/page"}],"author":[{"embeddable":true,"href":"https:\/\/www.saotechnology.com\/web\/wp-json\/wp\/v2\/users\/2"}],"replies":[{"embeddable":true,"href":"https:\/\/www.saotechnology.com\/web\/wp-json\/wp\/v2\/comments?post=10766"}],"version-history":[{"count":4,"href":"https:\/\/www.saotechnology.com\/web\/wp-json\/wp\/v2\/pages\/10766\/revisions"}],"predecessor-version":[{"id":10768,"href":"https:\/\/www.saotechnology.com\/web\/wp-json\/wp\/v2\/pages\/10766\/revisions\/10768"}],"wp:attachment":[{"href":"https:\/\/www.saotechnology.com\/web\/wp-json\/wp\/v2\/media?parent=10766"}],"curies":[{"name":"wp","href":"https:\/\/api.w.org\/{rel}","templated":true}]}}