{"id":1468,"date":"2017-11-22T08:29:44","date_gmt":"2017-11-22T08:29:44","guid":{"rendered":"https:\/\/themes.radiantthemes.com\/consultix\/demo-one\/?page_id=1468"},"modified":"2023-04-20T21:10:18","modified_gmt":"2023-04-20T21:10:18","slug":"sistemas-control-costos","status":"publish","type":"page","link":"https:\/\/www.saotechnology.com\/web\/sistemas-control-costos\/","title":{"rendered":"SAO Control de Costos"},"content":{"rendered":"<p>[vc_row css=&#8221;.vc_custom_1679860006490{margin-top: 40px !important;margin-bottom: 0px !important;border-top-width: 40px !important;padding-top: 0px !important;padding-bottom: 25px !important;background-position: 0 0 !important;background-repeat: no-repeat !important;}&#8221;][vc_column width=&#8221;1\/2&#8243; css=&#8221;.vc_custom_1637552516588{margin-top: -40px !important;}&#8221;][vc_single_image image=&#8221;10919&#8243; img_size=&#8221;full&#8221; css=&#8221;.vc_custom_1682024917265{margin-top: 30px !important;}&#8221;][\/vc_column][vc_column width=&#8221;1\/2&#8243;][vc_column_text css_animation=&#8221;none&#8221; css=&#8221;.vc_custom_1679930294933{margin-top: -10px !important;margin-bottom: 30px !important;padding-top: 0px !important;padding-bottom: 0px !important;}&#8221;]<\/p>\n<p style=\"text-align: justify;\">El sistema de control de costos cuenta con una serie de subm\u00f3dulos integrados (pedidos, cotizaciones, ofertas, \u00f3rdenes de compra, inventario de materiales, contrataci\u00f3n, manejo de herramienta menor, control de equipo alquilado, registro de facturas, manejo de reformas, actas de obra, enlace contable, an\u00e1lisis de costos) que permiten controlar los costos directos de un proyecto a trav\u00e9s de las diferentes transacciones.<\/p>\n<p>&nbsp;<\/p>\n<p style=\"text-align: justify;\">El sistema de control de costos directos tiene implementado los modelos de costos por salidas de almac\u00e9n y facturaci\u00f3n y los m\u00e9todos de valoraci\u00f3n de inventarios por promedio o \u00faltimo precio. El modelo de costos est\u00e1 integrado con nuestro <strong>ERP<\/strong> \u00a0<strong>SAOInova<\/strong>\u00a0permitiendo que el registro de las facturas en las obras alimenten en l\u00ednea y tiempo\u00a0<strong>REAL, <\/strong>el \u00e1rea contable\u00a0 sin tener que hacer procesos de doble digitaci\u00f3n y sin que las personas de las obras tengan que conocer de procesos contables.<\/p>\n<p>[\/vc_column_text][\/vc_column][\/vc_row][vc_row css=&#8221;.vc_custom_1679911886302{background-color: #e8e8e8 !important;}&#8221;][vc_column width=&#8221;1\/2&#8243;]\r<!-- fancy-text-box -->\r<div class=\"rt-fancy-text-box element-one   \"   data-fancy-text-box-align=\"left\"><div class=\"holder matchHeight \"><div class=\"title\"><div class=\"icon\"><i class=\"fa fa-angle-double-right\"><\/i><\/div><h4 class=\"fancy-text-tag\"  style=\"font-size: 24px;line-height: 35px\" >Caracter\u00edsticas Generales<\/h4><\/div><div class=\"data\"><p><\/p><\/div><\/div><\/div>\r<!-- fancy-text-box -->\r\r<!-- list -->\r<div class=\"rt-list rt73d5f48c-1984-0 element-four   \" ><p><\/p>\n<ul>\n<li>Permite realizar pedidos de materiales a partir de la planeaci\u00f3n de las actividades<\/li>\n<li>Permite Controlar los topes de cantidades de insumos seg\u00fan el presupuesto.<\/li>\n<li>Permite Controlar los topes de precios de los insumos seg\u00fan el presupuesto.<\/li>\n<li>Permite analizar N ofertas de diferentes proveedores.<\/li>\n<li>Genera \u00f3rdenes de compra en forma autom\u00e1tica con base en las lista de precios de los proveedores.<\/li>\n<li>Permite el an\u00e1lisis de ofertas de proveedores con base en cubos<\/li>\n<li>Permite el traslados de saldos pendientes de \u00f3rdenes de compra a una nueva \u00f3rden de compra.<\/li>\n<li>Controla la doble facturaci\u00f3n de art\u00edculos de un mismo proveedor<\/li>\n<\/ul>\n<p><\/p><\/div>\r<!-- list -->\r[\/vc_column][vc_column width=&#8221;1\/2&#8243;][vc_empty_space][vc_empty_space][vc_empty_space]\r<!-- list -->\r<div class=\"rt-list rt73d5f48c-1984-0 element-four   \" ><p><\/p>\n<ul>\n<li>Permite realizar pedidos de materiales a partir de la planeaci\u00f3n de las actividades<\/li>\n<li>Permite Controlar los topes de cantidades de insumos seg\u00fan el presupuesto.<\/li>\n<li>Permite Controlar los topes de precios de los insumos seg\u00fan el presupuesto.<\/li>\n<li>Permite analizar N ofertas de diferentes proveedores.<\/li>\n<li>Genera \u00f3rdenes de compra en forma autom\u00e1tica con base en las lista de precios de los proveedores.<\/li>\n<li>Permite el an\u00e1lisis de ofertas de proveedores con base en cubos<\/li>\n<li>Permite el traslados de saldos pendientes de \u00f3rdenes de compra a una nueva \u00f3rden de compra.<\/li>\n<li>Controla la doble facturaci\u00f3n de art\u00edculos de un mismo proveedor<\/li>\n<\/ul>\n<p><\/p><\/div>\r<!-- list -->\r[\/vc_column][\/vc_row][vc_row full_width=&#8221;stretch_row&#8221; css_animation=&#8221;none&#8221; css=&#8221;.vc_custom_1637582323277{margin-top: 10px !important;margin-bottom: 0px !important;padding-top: 0px !important;padding-bottom: 0px !important;}&#8221;][vc_column css_animation=&#8221;none&#8221;][vc_custom_heading text=&#8221;INTEGRACI\u00d3N DE SUBM\u00d3DULOS&#8221; font_container=&#8221;tag:h2|font_size:18px|text_align:center&#8221; use_theme_fonts=&#8221;yes&#8221; css_animation=&#8221;none&#8221; css=&#8221;.vc_custom_1637588178425{margin-top: 30px !important;margin-bottom: 0px !important;padding-top: 0px !important;padding-bottom: 0px !important;}&#8221;][vc_row_inner css=&#8221;.vc_custom_1519109282851{margin-top: 23px !important;padding-top: 0px !important;padding-right: 0px !important;padding-bottom: 0px !important;padding-left: 0px !important;}&#8221;][vc_column_inner width=&#8221;1\/3&#8243; css=&#8221;.vc_custom_1519109843281{margin-bottom: 0px !important;padding-top: 15px !important;padding-right: 10px !important;padding-bottom: 0px !important;padding-left: 10px !important;}&#8221;]\r<!-- fancy-text-box -->\r<div class=\"rt-fancy-text-box element-four hover-active-on  hover-custom-box\"   data-fancy-text-box-align=\"center\"><div class=\"holder matchHeight  vc_custom_1679860252391\"><div class=\"pic\"><img loading=\"lazy\" decoding=\"async\" src=\"https:\/\/www.saotechnology.com\/web\/wp-content\/uploads\/2021\/11\/Nuevo-proyecto-2021-11-22T083957.730.png\" alt=\"Subm\u00f3dulo de Pedidos - Cotizaciones - Compras\" width=\"75\" height=\"78\"\/><\/div><div class=\"title\"><h4 class=\"fancy-text-tag\"  style=\"font-size: 14px;line-height: 22px\" >Subm\u00f3dulo de Pedidos - Cotizaciones - Compras<\/h4><\/div><div class=\"data\"><p>Administra todo el proceso de necesidades de los materiales en la obra para posteriormente realizar las respectivas cotizaciones y generar las ordenes de compra seg\u00fan los proveedores seleccionados.<\/p><\/div><\/div><\/div>\r<!-- fancy-text-box -->\r\r<!-- fancy-text-box -->\r<div class=\"rt-fancy-text-box element-four hover-active-on  hover-custom-box\"   data-fancy-text-box-align=\"center\"><div class=\"holder matchHeight  vc_custom_1637589373970\"><div class=\"pic\"><img loading=\"lazy\" decoding=\"async\" src=\"https:\/\/www.saotechnology.com\/web\/wp-content\/uploads\/2021\/11\/Nuevo-proyecto-2021-11-22T085515.251.png\" alt=\"Subm\u00f3dulo de Contratos\" width=\"75\" height=\"78\"\/><\/div><div class=\"title\"><h4 class=\"fancy-text-tag\"  style=\"font-size: 14px;line-height: 22px\" >Subm\u00f3dulo de Contratos<\/h4><\/div><div class=\"data\"><p>Este subm\u00f3dulo administra la informaci\u00f3n de los contratos que se definen en una obra, permitiendo clasificar por especialidad.<\/p><\/div><\/div><\/div>\r<!-- fancy-text-box -->\r[\/vc_column_inner][vc_column_inner width=&#8221;1\/3&#8243; css=&#8221;.vc_custom_1519110059056{padding-top: 15px !important;padding-right: 10px !important;padding-bottom: 0px !important;padding-left: 10px !important;}&#8221;]\r<!-- fancy-text-box -->\r<div class=\"rt-fancy-text-box element-three hover-active-on  hover-custom-box\"   data-fancy-text-box-align=\"center\"><div class=\"holder matchHeight  vc_custom_1679860202919\"><div class=\"title\"><div class=\"pic\"><img loading=\"lazy\" decoding=\"async\" src=\"https:\/\/www.saotechnology.com\/web\/wp-content\/uploads\/2021\/11\/Nuevo-proyecto-2021-11-22T084649.893.png\" alt=\"Subm\u00f3dulo de Equipos y Herramientas\" width=\"75\" height=\"78\"\/><\/div><h4 class=\"fancy-text-tag\"  style=\"font-size: 14px;line-height: 22px\" >Subm\u00f3dulo de Equipos y Herramientas<\/h4><\/div><div class=\"clearfix\"><\/div><div class=\"data\"><p>Permite administrar tanto la herramienta menor de la obra como el equipo alquilado de los diferentes proveedores.<\/p><\/div><\/div><\/div>\r<!-- fancy-text-box -->\r\r<!-- fancy-text-box -->\r<div class=\"rt-fancy-text-box element-four hover-active-on  hover-custom-box\"   data-fancy-text-box-align=\"center\"><div class=\"holder matchHeight  vc_custom_1666238854102\"><div class=\"pic\"><img loading=\"lazy\" decoding=\"async\" src=\"https:\/\/www.saotechnology.com\/web\/wp-content\/uploads\/2021\/11\/Nuevo-proyecto-2021-11-22T120926.281.png\" alt=\"Subm\u00f3dulo de Enlace Contable\" width=\"73\" height=\"80\"\/><\/div><div class=\"title\"><h4 class=\"fancy-text-tag\"  style=\"font-size: 14px;line-height: 22px\" >Subm\u00f3dulo de Enlace Contable<\/h4><\/div><div class=\"data\"><p>Ofrece funcionalidades que permite enviar informaci\u00f3n a otros sistemas contables diferente a SAOIntegrity.<\/p><\/div><\/div><\/div>\r<!-- fancy-text-box -->\r\r<!-- fancy-text-box -->\r<div class=\"rt-fancy-text-box element-four hover-active-on  hover-custom-box\"   data-fancy-text-box-align=\"center\"><div class=\"holder matchHeight  vc_custom_1637589655277\"><div class=\"pic\"><img loading=\"lazy\" decoding=\"async\" src=\"https:\/\/www.saotechnology.com\/web\/wp-content\/uploads\/2021\/11\/Nuevo-proyecto-2021-11-22T085838.085.png\" alt=\"Subm\u00f3dulo Reformas de Obra\" width=\"75\" height=\"78\"\/><\/div><div class=\"title\"><h4 class=\"fancy-text-tag\"  style=\"font-size: 14px;line-height: 22px\" >Subm\u00f3dulo Reformas de Obra<\/h4><\/div><div class=\"data\"><p>Este subm\u00f3dulo administra las funciones de registro y control de las reformas planteadas por los clientes en cada uno de los proyectos en construccion.<\/p><\/div><\/div><\/div>\r<!-- fancy-text-box -->\r[\/vc_column_inner][vc_column_inner width=&#8221;1\/3&#8243; css=&#8221;.vc_custom_1519103049464{padding-top: 15px !important;padding-right: 10px !important;padding-bottom: 15px !important;padding-left: 10px !important;}&#8221;]\r<!-- fancy-text-box -->\r<div class=\"rt-fancy-text-box element-four hover-active-on  hover-custom-box\"   data-fancy-text-box-align=\"center\"><div class=\"holder matchHeight  vc_custom_1666238921241\"><div class=\"pic\"><img loading=\"lazy\" decoding=\"async\" src=\"https:\/\/www.saotechnology.com\/web\/wp-content\/uploads\/2021\/11\/Nuevo-proyecto-2021-11-22T084936.541.png\" alt=\"Subm\u00f3dulo de Inventarios\" width=\"75\" height=\"78\"\/><\/div><div class=\"title\"><h4 class=\"fancy-text-tag\"  style=\"font-size: 14px;line-height: 22px\" >Subm\u00f3dulo de Inventarios<\/h4><\/div><div class=\"data\"><p>Administra el proceso de manejo de todo el inventario de los materiales que compra y consume la obra.<\/p><\/div><\/div><\/div>\r<!-- fancy-text-box -->\r\r<!-- fancy-text-box -->\r<div class=\"rt-fancy-text-box element-four hover-active-on  hover-custom-box\"   data-fancy-text-box-align=\"center\"><div class=\"holder matchHeight  vc_custom_1666239197647\"><div class=\"pic\"><img loading=\"lazy\" decoding=\"async\" src=\"https:\/\/www.saotechnology.com\/web\/wp-content\/uploads\/2018\/04\/about-icon2.png\" alt=\"Subm\u00f3dulo de Actas de Obra\" width=\"83\" height=\"83\"\/><\/div><div class=\"title\"><h4 class=\"fancy-text-tag\"  style=\"font-size: 14px;line-height: 22px\" >Subm\u00f3dulo de Actas de Obra<\/h4><\/div><div class=\"data\"><p>Permite el registro de la medici\u00f3n de la obra ejecutada por cada contratista afectando el linea el estado de los contratos y generando informacion para los trableros de control y el an\u00e1lisis en los cubos.<\/p><\/div><\/div><\/div>\r<!-- fancy-text-box -->\r[\/vc_column_inner][\/vc_row_inner][\/vc_column][\/vc_row][vc_row][vc_column][vc_empty_space][\/vc_column][\/vc_row][vc_row][vc_column][vc_empty_space height=&#8221;52px&#8221;][\/vc_column][\/vc_row]<\/p>\n","protected":false},"excerpt":{"rendered":"<p>[vc_row css=&#8221;.vc_custom_1679860006490{margin-top: 40px !important;margin-bottom: 0px !important;border-top-width: 40px !important;padding-top: 0px !important;padding-bottom: 25px !important;background-position: 0 0 !important;background-repeat: no-repeat !important;}&#8221;][vc_column width=&#8221;1\/2&#8243; css=&#8221;.vc_custom_1637552516588{margin-top: -40px !important;}&#8221;][vc_single_image image=&#8221;10919&#8243; img_size=&#8221;full&#8221; css=&#8221;.vc_custom_1682024917265{margin-top: 30px !important;}&#8221;][\/vc_column][vc_column width=&#8221;1\/2&#8243;][vc_column_text css_animation=&#8221;none&#8221; css=&#8221;.vc_custom_1679930294933{margin-top: -10px !important;margin-bottom: 30px !important;padding-top: 0px !important;padding-bottom: 0px !important;}&#8221;] El sistema de control de costos cuenta con una serie de subm\u00f3dulos integrados (pedidos, cotizaciones, ofertas, \u00f3rdenes de [&hellip;]<\/p>\n","protected":false},"author":1,"featured_media":0,"parent":0,"menu_order":0,"comment_status":"closed","ping_status":"closed","template":"","meta":{"footnotes":""},"_links":{"self":[{"href":"https:\/\/www.saotechnology.com\/web\/wp-json\/wp\/v2\/pages\/1468"}],"collection":[{"href":"https:\/\/www.saotechnology.com\/web\/wp-json\/wp\/v2\/pages"}],"about":[{"href":"https:\/\/www.saotechnology.com\/web\/wp-json\/wp\/v2\/types\/page"}],"author":[{"embeddable":true,"href":"https:\/\/www.saotechnology.com\/web\/wp-json\/wp\/v2\/users\/1"}],"replies":[{"embeddable":true,"href":"https:\/\/www.saotechnology.com\/web\/wp-json\/wp\/v2\/comments?post=1468"}],"version-history":[{"count":57,"href":"https:\/\/www.saotechnology.com\/web\/wp-json\/wp\/v2\/pages\/1468\/revisions"}],"predecessor-version":[{"id":10921,"href":"https:\/\/www.saotechnology.com\/web\/wp-json\/wp\/v2\/pages\/1468\/revisions\/10921"}],"wp:attachment":[{"href":"https:\/\/www.saotechnology.com\/web\/wp-json\/wp\/v2\/media?parent=1468"}],"curies":[{"name":"wp","href":"https:\/\/api.w.org\/{rel}","templated":true}]}}